{"id":1053,"date":"2017-09-14T16:19:50","date_gmt":"2017-09-14T16:19:50","guid":{"rendered":"http:\/\/aaedolor.org.ar\/aa\/?page_id=1053"},"modified":"2020-01-31T16:24:23","modified_gmt":"2020-01-31T19:24:23","slug":"congreso-xxiii-2","status":"publish","type":"page","link":"https:\/\/aaedolor.org\/aa\/congreso-xxiii-2\/","title":{"rendered":"Congreso XXIII"},"content":{"rendered":"<div id=\"pl-1053\"  class=\"panel-layout\" ><div id=\"pg-1053-0\"  class=\"panel-grid panel-no-style\" ><div id=\"pgc-1053-0-0\"  class=\"panel-grid-cell panel-grid-cell-empty\" ><\/div><\/div><div id=\"pg-1053-1\"  class=\"panel-grid panel-no-style\" ><div id=\"pgc-1053-1-0\"  class=\"panel-grid-cell\" ><div id=\"panel-1053-1-0-0\" class=\"so-panel widget widget_black-studio-tinymce widget_black_studio_tinymce panel-first-child panel-last-child\" data-index=\"0\" ><div class=\"textwidget\"><p><img loading=\"lazy\" decoding=\"async\" src=\"http:\/\/aaedolor.org\/aa\/wp-content\/uploads\/2017\/06\/flyer-contenido1.jpg\" alt=\"\" width=\"900\" height=\"1273\" class=\"aligncenter size-full wp-image-983\" srcset=\"https:\/\/aaedolor.org\/aa\/wp-content\/uploads\/2017\/06\/flyer-contenido1.jpg 900w, https:\/\/aaedolor.org\/aa\/wp-content\/uploads\/2017\/06\/flyer-contenido1-212x300.jpg 212w, https:\/\/aaedolor.org\/aa\/wp-content\/uploads\/2017\/06\/flyer-contenido1-768x1086.jpg 768w, https:\/\/aaedolor.org\/aa\/wp-content\/uploads\/2017\/06\/flyer-contenido1-724x1024.jpg 724w\" sizes=\"auto, (max-width: 900px) 100vw, 900px\" \/><\/p>\n<\/div><\/div><\/div><div id=\"pgc-1053-1-1\"  class=\"panel-grid-cell\" ><div id=\"panel-1053-1-1-0\" class=\"so-panel widget widget_black-studio-tinymce widget_black_studio_tinymce panel-first-child\" data-index=\"1\" ><div class=\"textwidget\"><\/div><\/div><div id=\"panel-1053-1-1-1\" class=\"so-panel widget widget_sow-button\" data-index=\"2\" ><div class=\"panel-widget-style panel-widget-style-for-1053-1-1-1\" ><div\n\t\t\t\n\t\t\tclass=\"so-widget-sow-button so-widget-sow-button-atom-1089ec0586aa-1053\"\n\t\t\t\n\t\t><div class=\"ow-button-base ow-button-align-center\">\n\t\t\t<a\n\t\t\t\t\thref=\"http:\/\/aaedolor.org.ar\/aa\/wp-content\/uploads\/2017\/11\/Diapositiva5.pdf\"\n\t\t\t\t\tclass=\"sowb-button ow-icon-placement-left ow-button-hover\" target=\"_blank\" rel=\"noopener noreferrer\" \t>\n\t\t<span>\n\t\t\t\n\t\t\tCarta de bienvenida\t\t<\/span>\n\t\t\t<\/a>\n\t<\/div>\n<\/div><\/div><\/div><div id=\"panel-1053-1-1-2\" class=\"so-panel widget widget_sow-button\" data-index=\"3\" ><div class=\"panel-widget-style panel-widget-style-for-1053-1-1-2\" ><div\n\t\t\t\n\t\t\tclass=\"so-widget-sow-button so-widget-sow-button-atom-1089ec0586aa-1053\"\n\t\t\t\n\t\t><div class=\"ow-button-base ow-button-align-center\">\n\t\t\t<a\n\t\t\t\t\thref=\"http:\/\/aaedolor.org.ar\/aa\/wp-content\/uploads\/2017\/11\/2017_11_16_comites.pdf\"\n\t\t\t\t\tclass=\"sowb-button ow-icon-placement-left ow-button-hover\" target=\"_blank\" rel=\"noopener noreferrer\" \t>\n\t\t<span>\n\t\t\t\n\t\t\tComit\u00e9s\t\t<\/span>\n\t\t\t<\/a>\n\t<\/div>\n<\/div><\/div><\/div><div id=\"panel-1053-1-1-3\" class=\"so-panel widget widget_sow-button\" data-index=\"4\" ><div class=\"panel-widget-style panel-widget-style-for-1053-1-1-3\" ><div\n\t\t\t\n\t\t\tclass=\"so-widget-sow-button so-widget-sow-button-atom-1089ec0586aa-1053\"\n\t\t\t\n\t\t><div class=\"ow-button-base ow-button-align-center\">\n\t\t\t<a\n\t\t\t\t\thref=\"http:\/\/aaedolor.org.ar\/aa\/wp-content\/uploads\/2017\/11\/flyer-contenido-2.pdf\"\n\t\t\t\t\tclass=\"boton-adicional sowb-button ow-icon-placement-left ow-button-hover\" target=\"_blank\" rel=\"noopener noreferrer\" \t>\n\t\t<span>\n\t\t\t\n\t\t\t\u00c1reas tem\u00e1ticas\t\t<\/span>\n\t\t\t<\/a>\n\t<\/div>\n<\/div><\/div><\/div><div id=\"panel-1053-1-1-4\" class=\"so-panel widget widget_sow-button\" data-index=\"5\" ><div\n\t\t\t\n\t\t\tclass=\"so-widget-sow-button so-widget-sow-button-atom-1089ec0586aa-1053\"\n\t\t\t\n\t\t><div class=\"ow-button-base ow-button-align-center\">\n\t\t\t<a\n\t\t\t\t\thref=\"http:\/\/aaedolor.org.ar\/aa\/wp-content\/uploads\/2017\/11\/Cursos-Precongresi.pdf\"\n\t\t\t\t\tclass=\"sowb-button ow-icon-placement-left ow-button-hover\" target=\"_blank\" rel=\"noopener noreferrer\" \t>\n\t\t<span>\n\t\t\t\n\t\t\tCursos Precongreso\t\t<\/span>\n\t\t\t<\/a>\n\t<\/div>\n<\/div><\/div><div id=\"panel-1053-1-1-5\" class=\"so-panel widget widget_sow-button panel-last-child\" data-index=\"6\" ><div\n\t\t\t\n\t\t\tclass=\"so-widget-sow-button so-widget-sow-button-atom-1089ec0586aa-1053\"\n\t\t\t\n\t\t><div class=\"ow-button-base ow-button-align-center\">\n\t\t\t<a\n\t\t\t\t\thref=\"https:\/\/www.flipsnack.com\/AAED2017\/congreso-dolor-2017.html\"\n\t\t\t\t\tclass=\"sowb-button ow-icon-placement-left ow-button-hover\" target=\"_blank\" rel=\"noopener noreferrer\" \t>\n\t\t<span>\n\t\t\t\n\t\t\tPrograma Cient\u00edfico\t\t<\/span>\n\t\t\t<\/a>\n\t<\/div>\n<\/div><\/div><\/div><\/div><\/div>","protected":false},"excerpt":{"rendered":"<p>Carta de bienvenida Comit\u00e9s \u00c1reas tem\u00e1ticas Cursos Precongreso Programa Cient\u00edfico<\/p>\n","protected":false},"author":1,"featured_media":0,"parent":0,"menu_order":0,"comment_status":"closed","ping_status":"closed","template":"","meta":{"footnotes":""},"class_list":["post-1053","page","type-page","status-publish","hentry","entry","no-media"],"_links":{"self":[{"href":"https:\/\/aaedolor.org\/aa\/wp-json\/wp\/v2\/pages\/1053","targetHints":{"allow":["GET"]}}],"collection":[{"href":"https:\/\/aaedolor.org\/aa\/wp-json\/wp\/v2\/pages"}],"about":[{"href":"https:\/\/aaedolor.org\/aa\/wp-json\/wp\/v2\/types\/page"}],"author":[{"embeddable":true,"href":"https:\/\/aaedolor.org\/aa\/wp-json\/wp\/v2\/users\/1"}],"replies":[{"embeddable":true,"href":"https:\/\/aaedolor.org\/aa\/wp-json\/wp\/v2\/comments?post=1053"}],"version-history":[{"count":124,"href":"https:\/\/aaedolor.org\/aa\/wp-json\/wp\/v2\/pages\/1053\/revisions"}],"predecessor-version":[{"id":1593,"href":"https:\/\/aaedolor.org\/aa\/wp-json\/wp\/v2\/pages\/1053\/revisions\/1593"}],"wp:attachment":[{"href":"https:\/\/aaedolor.org\/aa\/wp-json\/wp\/v2\/media?parent=1053"}],"curies":[{"name":"wp","href":"https:\/\/api.w.org\/{rel}","templated":true}]}}