{"id":119,"date":"2014-09-23T14:27:03","date_gmt":"2014-09-23T14:27:03","guid":{"rendered":"http:\/\/aaedolor.org.ar\/aa\/?page_id=119"},"modified":"2026-04-21T20:22:40","modified_gmt":"2026-04-21T23:22:40","slug":"asociese","status":"publish","type":"page","link":"https:\/\/aaedolor.org\/aa\/asociese\/","title":{"rendered":"AS\u00d3CIESE"},"content":{"rendered":"<div id=\"pl-119\"  class=\"panel-layout\" ><div id=\"pg-119-0\"  class=\"panel-grid panel-no-style\" ><div id=\"pgc-119-0-0\"  class=\"panel-grid-cell\" ><div id=\"panel-119-0-0-0\" class=\"so-panel widget widget_black-studio-tinymce widget_black_studio_tinymce panel-first-child\" data-index=\"0\" ><div class=\"textwidget\"><h1 style=\"text-align: center;\">INSCRIPCI\u00d3N PARA SOCIOS DE LA AAED<\/h1>\n<\/div><\/div><div id=\"panel-119-0-0-1\" class=\"so-panel widget widget_sow-accordion\" data-index=\"1\" ><div class=\"panel-widget-style panel-widget-style-for-119-0-0-1\" ><div\n\t\t\t\n\t\t\tclass=\"so-widget-sow-accordion so-widget-sow-accordion-default-a855fc742bd2-119\"\n\t\t\t\n\t\t><h3 class=\"widget-title\">1. Datos de Transferencia <\/h3><div>\n\t<div class=\"sow-accordion\">\n\t\t\t<div class=\"sow-accordion-panel\"\n\t\t\t data-anchor-id=\"para-poder-abonar-su-cuota-podra-utilizar-los-siguientes-medios-de-pago\">\n\t\t\t\t<div class=\"sow-accordion-panel-header-container\" role=\"heading\" aria-level=\"2\">\n\t\t\t\t\t<div class=\"sow-accordion-panel-header\" tabindex=\"0\" role=\"button\" id=\"accordion-label-para-poder-abonar-su-cuota-podr%c3%a1-utilizar-los-siguientes-medios-de-pago\" aria-controls=\"accordion-content-para-poder-abonar-su-cuota-podr%c3%a1-utilizar-los-siguientes-medios-de-pago\" aria-expanded=\"false\">\n\t\t\t\t\t\t<div class=\"sow-accordion-title sow-accordion-title-icon-left\">\n\t\t\t\t\t\t\t\t\t\t\t\t\t\tPara poder abonar su cuota podr\u00e1 utilizar los siguientes medios de pago:\t\t\t\t\t\t\t\t\t\t\t\t\t<\/div>\n\t\t\t\t\t\t<div class=\"sow-accordion-open-close-button\">\n\t\t\t\t\t\t\t<div class=\"sow-accordion-open-button\">\n\t\t\t\t\t\t\t\t<span class=\"sow-icon-ionicons\" data-sow-icon=\"&#xf218;\"\n\t\t \n\t\taria-hidden=\"true\"><\/span>\t\t\t\t\t\t\t<\/div>\n\t\t\t\t\t\t\t<div class=\"sow-accordion-close-button\">\n\t\t\t\t\t\t\t\t<span class=\"sow-icon-ionicons\" data-sow-icon=\"&#xf209;\"\n\t\t \n\t\taria-hidden=\"true\"><\/span>\t\t\t\t\t\t\t<\/div>\n\t\t\t\t\t\t<\/div>\n\t\t\t\t\t<\/div>\n\t\t\t\t<\/div>\n\n\t\t\t<div\n\t\t\t\tclass=\"sow-accordion-panel-content\"\n\t\t\t\trole=\"region\"\n\t\t\t\taria-labelledby=\"accordion-label-para-poder-abonar-su-cuota-podr%c3%a1-utilizar-los-siguientes-medios-de-pago\"\n\t\t\t\tid=\"accordion-content-para-poder-abonar-su-cuota-podr%c3%a1-utilizar-los-siguientes-medios-de-pago\"\n\t\t\t\tstyle=\"display: none;\"\t\t\t>\n\t\t\t\t<div class=\"sow-accordion-panel-border\">\n\t\t\t\t\t<h3>Recuerde que la cuota societaria es <em>anual<\/em> y tiene un valor de <strong>$ 100.000<\/strong>.<\/h3>\n<h1><strong>Dep\u00f3sito o transferencia bancaria:<\/strong><\/h1>\n<h4 class=\"sc-fqkvVR sc-dcJsrY lnGTwd qWeAV\" tabindex=\"0\" role=\"heading\" aria-level=\"1\"><strong>Cuenta N\u00b0:<\/strong> 0002329-2 677-0<br \/>\n<strong>CUIT:<\/strong> 30-65404553-0<br \/>\n<strong>Raz\u00f3n Social:<\/strong> ASOC ARGENTINA PARA EL ESTUDIO DEL DOLORASOC CIVIL<br \/>\n<strong>CBU:<\/strong> 0070677920000002329200<br \/>\n<strong>Alias:<\/strong> ESTUDIO.DOLOR<\/h4>\n\t\t\t\t<\/div>\n\t\t\t<\/div>\n\t\t<\/div>\n\t\t<\/div>\n<\/div>\n<\/div><\/div><\/div><div id=\"panel-119-0-0-2\" class=\"so-panel widget widget_sow-editor panel-last-child\" data-index=\"2\" ><div\n\t\t\t\n\t\t\tclass=\"so-widget-sow-editor so-widget-sow-editor-base\"\n\t\t\t\n\t\t><h3 class=\"widget-title\">2. Completar Formulario<\/h3>\n<div class=\"siteorigin-widget-tinymce textwidget\">\n\t<div id=\"vfb-form-5\" class=\"visual-form-builder-container\"><form id=\"formulario-de-membresia-aaed-nuevo-enero-2021-5\" class=\"visual-form-builder vfb-form-5  \" method=\"post\" enctype=\"multipart\/form-data\" action=\"\">\n\t\t<input type=\"hidden\" name=\"form_id\" value=\"5\" \/><fieldset class=\"vfb-fieldset vfb-fieldset-1 formulario-de-inscripcion-aaed    \" id=\"item-vfb-96\"><div class=\"vfb-legend\"><h3>Formulario de Inscripci\u00f3n AAED<\/h3><\/div><ul class=\"vfb-section vfb-section-1\"><li class=\"vfb-item vfb-item-instructions    \" id=\"item-vfb-121\"><label class=\"vfb-desc\">Importante: <\/label>* Antes de completar este formulario aseg\u00farese de haber realizado el pago y tener escaneado el comprobante de la transferencia.<\/li>\n<li class=\"vfb-item vfb-item-text    \" id=\"item-vfb-100\"><label for=\"vfb-100\" class=\"vfb-desc\">Apellido y Nombre\/s  <span class=\"vfb-required-asterisk\">*<\/span><\/label><input type=\"text\" name=\"vfb-100\" id=\"vfb-100\" value=\"\" class=\"vfb-text  vfb-medium  required  \" \/><\/li>\n<li class=\"vfb-item vfb-item-text    \" id=\"item-vfb-113\"><label for=\"vfb-113\" class=\"vfb-desc\">T\u00edtulo universitario  <span class=\"vfb-required-asterisk\">*<\/span><\/label><input type=\"text\" name=\"vfb-113\" id=\"vfb-113\" value=\"\" class=\"vfb-text  vfb-medium  required  \" \/><\/li>\n<li class=\"vfb-item vfb-item-text    \" id=\"item-vfb-115\"><label for=\"vfb-115\" class=\"vfb-desc\">Especialidad  <span class=\"vfb-required-asterisk\">*<\/span><\/label><input type=\"text\" name=\"vfb-115\" id=\"vfb-115\" value=\"\" class=\"vfb-text  vfb-medium  required  \" \/><\/li>\n<li class=\"vfb-item vfb-item-text    \" id=\"item-vfb-117\"><label for=\"vfb-117\" class=\"vfb-desc\">N\u00famero de Matricula (Aclarar si es MN o MP)  <span class=\"vfb-required-asterisk\">*<\/span><\/label><input type=\"text\" name=\"vfb-117\" id=\"vfb-117\" value=\"\" class=\"vfb-text  vfb-medium  required  \" \/><\/li>\n<li class=\"vfb-item vfb-item-text    \" id=\"item-vfb-123\"><label for=\"vfb-123\" class=\"vfb-desc\">Organismo que expidi\u00f3 matr\u00edcula profesional  <span class=\"vfb-required-asterisk\">*<\/span><\/label><input type=\"text\" name=\"vfb-123\" id=\"vfb-123\" value=\"\" class=\"vfb-text  vfb-medium  required  \" \/><\/li>\n<li class=\"vfb-item vfb-item-text    \" id=\"item-vfb-124\"><label for=\"vfb-124\" class=\"vfb-desc\">Antecedentes de actuaci\u00f3n institucional: <\/label><input type=\"text\" name=\"vfb-124\" id=\"vfb-124\" value=\"\" class=\"vfb-text  vfb-medium   \" \/><\/li>\n<li class=\"vfb-item vfb-item-text    \" id=\"item-vfb-125\"><label for=\"vfb-125\" class=\"vfb-desc\">Antecedentes de docencia universitaria: <\/label><input type=\"text\" name=\"vfb-125\" id=\"vfb-125\" value=\"\" class=\"vfb-text  vfb-medium   \" \/><\/li>\n<li class=\"vfb-item vfb-item-text    \" id=\"item-vfb-126\"><label for=\"vfb-126\" class=\"vfb-desc\">Antecedentes de participaci\u00f3n en sociedades ciet\u00edficas: <\/label><input type=\"text\" name=\"vfb-126\" id=\"vfb-126\" value=\"\" class=\"vfb-text  vfb-medium   \" \/><\/li>\n<li class=\"vfb-item vfb-item-text    \" id=\"item-vfb-127\"><label for=\"vfb-127\" class=\"vfb-desc\">Actuaci\u00f3n profesional en el \u00e1rea del dolor cr\u00f3nico: <\/label><input type=\"text\" name=\"vfb-127\" id=\"vfb-127\" value=\"\" class=\"vfb-text  vfb-medium   \" \/><\/li>\n<li class=\"vfb-item vfb-item-text    \" id=\"item-vfb-101\"><label for=\"vfb-101\" class=\"vfb-desc\">Domicilio Particular: <\/label><input type=\"text\" name=\"vfb-101\" id=\"vfb-101\" value=\"\" class=\"vfb-text  vfb-medium   \" \/><\/li>\n<li class=\"vfb-item vfb-item-text    \" id=\"item-vfb-105\"><label for=\"vfb-105\" class=\"vfb-desc\">Domicilio Profesional: <\/label><input type=\"text\" name=\"vfb-105\" id=\"vfb-105\" value=\"\" class=\"vfb-text  vfb-medium   \" \/><\/li>\n<li class=\"vfb-item vfb-item-text    \" id=\"item-vfb-109\"><label for=\"vfb-109\" class=\"vfb-desc\">Tel\u00e9fono de contacto profesional:  <span class=\"vfb-required-asterisk\">*<\/span><\/label><input type=\"text\" name=\"vfb-109\" id=\"vfb-109\" value=\"\" class=\"vfb-text  vfb-medium  required  \" \/><\/li>\n<li class=\"vfb-item vfb-item-text    \" id=\"item-vfb-111\"><label for=\"vfb-111\" class=\"vfb-desc\">Direcci\u00f3n de correo electr\u00f3nico:  <span class=\"vfb-required-asterisk\">*<\/span><\/label><input type=\"text\" name=\"vfb-111\" id=\"vfb-111\" value=\"\" class=\"vfb-text  vfb-medium  required  \" \/><\/li>\n<li class=\"vfb-item vfb-item-file-upload    \" id=\"item-vfb-120\"><label for=\"vfb-120\" class=\"vfb-desc\">Subir comprobante de transferencia o dep\u00f3sito  <span class=\"vfb-required-asterisk\">*<\/span><\/label><input type=\"file\" name=\"vfb-120\" id=\"vfb-120\" value=\"\" class=\"vfb-text  vfb-medium  required    {accept:'png|jpe?g|gif|pdf'}\" \/><\/li>\n<\/ul>&nbsp;<\/fieldset><fieldset class=\"vfb-fieldset vfb-fieldset-2 verificacion  \" id=\"item-vfb-97\"><div class=\"vfb-legend\"><h3>Verificaci\u00f3n<\/h3><\/div><ul class=\"vfb-section vfb-section-2\"><li class=\"vfb-item vfb-item-secret\" ><label for=\"item-vfb-98\" class=\"vfb-desc\">Por favor ingrese 2 d\u00edgitos:<\/label><input type=\"hidden\" name=\"_vfb-required-secret\" value=\"0\" \/><input type=\"hidden\" name=\"_vfb-secret\" value=\"vfb-98\" \/><span class=\"vfb-span\"><input type=\"text\" name=\"vfb-98\" id=\"item-vfb-98\" value=\"\" class=\"vfb-text  vfb-medium  {digits:true,maxlength:2,minlength:2} \" \/><label>Ejemplo: 12<\/label><\/span><li style=\"display:none;\"><label>Esta caja es para protecci\u00f3n contra el spam - <strong>por favor d\u00e9jalo en blanco<\/strong><\/label><div><input name=\"vfb-spam\" \/><\/div><\/li><li class=\"vfb-item vfb-item-submit\" id=\"item-vfb-99\">\n\t\t\t\t\t<input type=\"submit\" name=\"vfb-submit\" id=\"vfb-99\" value=\"Enviar\" class=\"vfb-submit \" \/>\n\t\t\t\t\t<\/li><\/ul>\n\t\t &nbsp;\n\t\t <\/fieldset><input type=\"hidden\" name=\"_wp_http_referer\" value=\"\/aa\/wp-json\/wp\/v2\/pages\/119\" \/><\/form><\/div> <!-- .visual-form-builder-container -->\n<\/div>\n<\/div><\/div><\/div><\/div><\/div>","protected":false},"excerpt":{"rendered":"<p>INSCRIPCI\u00d3N PARA SOCIOS DE LA AAED<\/p>\n","protected":false},"author":1,"featured_media":0,"parent":0,"menu_order":0,"comment_status":"closed","ping_status":"closed","template":"","meta":{"footnotes":""},"class_list":["post-119","page","type-page","status-publish","hentry","entry","no-media"],"_links":{"self":[{"href":"https:\/\/aaedolor.org\/aa\/wp-json\/wp\/v2\/pages\/119","targetHints":{"allow":["GET"]}}],"collection":[{"href":"https:\/\/aaedolor.org\/aa\/wp-json\/wp\/v2\/pages"}],"about":[{"href":"https:\/\/aaedolor.org\/aa\/wp-json\/wp\/v2\/types\/page"}],"author":[{"embeddable":true,"href":"https:\/\/aaedolor.org\/aa\/wp-json\/wp\/v2\/users\/1"}],"replies":[{"embeddable":true,"href":"https:\/\/aaedolor.org\/aa\/wp-json\/wp\/v2\/comments?post=119"}],"version-history":[{"count":46,"href":"https:\/\/aaedolor.org\/aa\/wp-json\/wp\/v2\/pages\/119\/revisions"}],"predecessor-version":[{"id":2894,"href":"https:\/\/aaedolor.org\/aa\/wp-json\/wp\/v2\/pages\/119\/revisions\/2894"}],"wp:attachment":[{"href":"https:\/\/aaedolor.org\/aa\/wp-json\/wp\/v2\/media?parent=119"}],"curies":[{"name":"wp","href":"https:\/\/api.w.org\/{rel}","templated":true}]}}