{"id":27,"date":"2014-09-22T14:43:49","date_gmt":"2014-09-22T14:43:49","guid":{"rendered":"http:\/\/aaedolor.org.ar\/aa\/?page_id=27"},"modified":"2024-11-22T09:55:59","modified_gmt":"2024-11-22T12:55:59","slug":"resenas","status":"publish","type":"page","link":"https:\/\/aaedolor.org\/aa\/resenas\/","title":{"rendered":"CONTACTO"},"content":{"rendered":"<div id=\"pl-27\"  class=\"panel-layout\" ><div id=\"pg-27-0\"  class=\"panel-grid panel-no-style\" ><div id=\"pgc-27-0-0\"  class=\"panel-grid-cell panel-grid-cell-empty\" ><\/div><\/div><div id=\"pg-27-1\"  class=\"panel-grid panel-no-style\" ><div id=\"pgc-27-1-0\"  class=\"panel-grid-cell\" ><div id=\"panel-27-1-0-0\" class=\"so-panel widget widget_black-studio-tinymce widget_black_studio_tinymce panel-first-child panel-last-child\" data-index=\"0\" ><h3 class=\"widget-title\">DATOS PARA CONTACTARSE<\/h3><div class=\"textwidget\"><h3>Asociaci\u00f3n Argentina para el Estudio del Dolor<\/h3>\n<p>Secretaria Administrativa<\/p>\n<p><strong>Direcci\u00f3n:<\/strong><br \/>\nAvda. C\u00f3rdoba 1646 Piso 9\u00ba Ofic. N\u00ba 252<br \/>\nCapital Federal<\/p>\n<p><strong>E-Mail:<\/strong><br \/>\nsecretaria@aaedolor.org<\/p>\n<p><strong>Whatsapp:<\/strong> +54 9 11 7066-6678 - SOLO MENSAJES.<\/p>\n<p>&nbsp;<\/p>\n<\/div><\/div><\/div><div id=\"pgc-27-1-1\"  class=\"panel-grid-cell\" ><div id=\"panel-27-1-1-0\" class=\"so-panel widget widget_black-studio-tinymce widget_black_studio_tinymce panel-first-child panel-last-child\" data-index=\"1\" ><div class=\"textwidget\"><div id=\"vfb-form-1\" class=\"visual-form-builder-container\"><form id=\"contacto-aaed-1\" class=\"visual-form-builder vfb-form-1  \" method=\"post\" enctype=\"multipart\/form-data\" action=\"\">\n\t\t<input type=\"hidden\" name=\"form_id\" value=\"1\" \/><fieldset class=\"vfb-fieldset vfb-fieldset-1 formulario-de-contacto    \" id=\"item-vfb-1\"><div class=\"vfb-legend\"><h3>Formulario de Contacto<\/h3><\/div><ul class=\"vfb-section vfb-section-1\"><li class=\"vfb-item vfb-item-text    \" id=\"item-vfb-29\"><label for=\"vfb-29\" class=\"vfb-desc\">Apellido y Nombre\/s <\/label><input type=\"text\" name=\"vfb-29\" id=\"vfb-29\" value=\"\" class=\"vfb-text  vfb-medium   \" \/><\/li>\n<li class=\"vfb-item vfb-item-text    \" id=\"item-vfb-30\"><label for=\"vfb-30\" class=\"vfb-desc\">E-mail <\/label><input type=\"text\" name=\"vfb-30\" id=\"vfb-30\" value=\"\" class=\"vfb-text  vfb-medium   \" \/><\/li>\n<li class=\"vfb-item vfb-item-text    \" id=\"item-vfb-31\"><label for=\"vfb-31\" class=\"vfb-desc\">Tel\u00e9fono <\/label><input type=\"text\" name=\"vfb-31\" id=\"vfb-31\" value=\"\" class=\"vfb-text  vfb-medium   \" \/><\/li>\n<li class=\"vfb-item vfb-item-text    \" id=\"item-vfb-32\"><label for=\"vfb-32\" class=\"vfb-desc\">Ciudad <\/label><input type=\"text\" name=\"vfb-32\" id=\"vfb-32\" value=\"\" class=\"vfb-text  vfb-medium   \" \/><\/li>\n<li class=\"vfb-item vfb-item-text    \" id=\"item-vfb-33\"><label for=\"vfb-33\" class=\"vfb-desc\">Provincia <\/label><input type=\"text\" name=\"vfb-33\" id=\"vfb-33\" value=\"\" class=\"vfb-text  vfb-medium   \" \/><\/li>\n<li class=\"vfb-item vfb-item-text    \" id=\"item-vfb-34\"><label for=\"vfb-34\" class=\"vfb-desc\">Pa\u00eds <\/label><input type=\"text\" name=\"vfb-34\" id=\"vfb-34\" value=\"\" class=\"vfb-text  vfb-medium   \" \/><\/li>\n<li class=\"vfb-item vfb-item-text    \" id=\"item-vfb-35\"><label for=\"vfb-35\" class=\"vfb-desc\">Asunto <\/label><input type=\"text\" name=\"vfb-35\" id=\"vfb-35\" value=\"\" class=\"vfb-text  vfb-medium   \" \/><\/li>\n<li class=\"vfb-item vfb-item-textarea    \" id=\"item-vfb-37\"><label for=\"vfb-37\" class=\"vfb-desc\">Comentarios <\/label><div><textarea name=\"vfb-37\" id=\"vfb-37\" class=\"vfb-textarea  vfb-medium   \"><\/textarea><\/div><\/li>\n<\/ul>&nbsp;<\/fieldset><fieldset class=\"vfb-fieldset vfb-fieldset-2 verificacion-de-seguridad  \" id=\"item-vfb-2\"><div class=\"vfb-legend\"><h3>Verificaci\u00f3n de seguridad<\/h3><\/div><ul class=\"vfb-section vfb-section-2\"><li class=\"vfb-item vfb-item-secret\" ><label for=\"item-vfb-3\" class=\"vfb-desc\">Por favor ingresa 2 digitos seguidos<\/label><input type=\"hidden\" name=\"_vfb-required-secret\" value=\"0\" \/><input type=\"hidden\" name=\"_vfb-secret\" value=\"vfb-3\" \/><span class=\"vfb-span\"><input type=\"text\" name=\"vfb-3\" id=\"item-vfb-3\" value=\"\" class=\"vfb-text  vfb-medium  {digits:true,maxlength:2,minlength:2} \" \/><label>Ejemplo: 12<\/label><\/span><li style=\"display:none;\"><label>Esta caja es para protecci\u00f3n contra el spam - <strong>por favor d\u00e9jalo en blanco<\/strong><\/label><div><input name=\"vfb-spam\" \/><\/div><\/li><li class=\"vfb-item vfb-item-submit\" id=\"item-vfb-4\">\n\t\t\t\t\t<input type=\"submit\" name=\"vfb-submit\" id=\"vfb-4\" value=\"Enviar\" class=\"vfb-submit \" \/>\n\t\t\t\t\t<\/li><\/ul>\n\t\t &nbsp;\n\t\t <\/fieldset><input type=\"hidden\" name=\"_wp_http_referer\" value=\"\/aa\/wp-json\/wp\/v2\/pages\/27\" \/><\/form><\/div> <!-- .visual-form-builder-container --><\/p>\n<\/div><\/div><\/div><\/div><\/div>","protected":false},"excerpt":{"rendered":"<p>Asociaci\u00f3n Argentina para el Estudio del Dolor Secretaria Administrativa Direcci\u00f3n: Avda. C\u00f3rdoba 1646 Piso 9\u00ba Ofic. N\u00ba 252 Capital Federal E-Mail: secretaria@aaedolor.org Whatsapp: +54 9 11 7066-6678 &#8211; SOLO MENSAJES. &nbsp;<\/p>\n","protected":false},"author":1,"featured_media":0,"parent":0,"menu_order":0,"comment_status":"closed","ping_status":"closed","template":"","meta":{"footnotes":""},"class_list":["post-27","page","type-page","status-publish","hentry","entry","no-media"],"_links":{"self":[{"href":"https:\/\/aaedolor.org\/aa\/wp-json\/wp\/v2\/pages\/27","targetHints":{"allow":["GET"]}}],"collection":[{"href":"https:\/\/aaedolor.org\/aa\/wp-json\/wp\/v2\/pages"}],"about":[{"href":"https:\/\/aaedolor.org\/aa\/wp-json\/wp\/v2\/types\/page"}],"author":[{"embeddable":true,"href":"https:\/\/aaedolor.org\/aa\/wp-json\/wp\/v2\/users\/1"}],"replies":[{"embeddable":true,"href":"https:\/\/aaedolor.org\/aa\/wp-json\/wp\/v2\/comments?post=27"}],"version-history":[{"count":10,"href":"https:\/\/aaedolor.org\/aa\/wp-json\/wp\/v2\/pages\/27\/revisions"}],"predecessor-version":[{"id":2744,"href":"https:\/\/aaedolor.org\/aa\/wp-json\/wp\/v2\/pages\/27\/revisions\/2744"}],"wp:attachment":[{"href":"https:\/\/aaedolor.org\/aa\/wp-json\/wp\/v2\/media?parent=27"}],"curies":[{"name":"wp","href":"https:\/\/api.w.org\/{rel}","templated":true}]}}