{"id":332,"date":"2014-09-24T20:35:54","date_gmt":"2014-09-24T20:35:54","guid":{"rendered":"http:\/\/aaedolor.org.ar\/aa\/?page_id=332"},"modified":"2020-01-31T16:28:33","modified_gmt":"2020-01-31T19:28:33","slug":"congreso-xviii","status":"publish","type":"page","link":"https:\/\/aaedolor.org\/aa\/congreso-xviii\/","title":{"rendered":"Congreso XVIII"},"content":{"rendered":"<div id=\"pl-332\"  class=\"panel-layout\" ><div id=\"pg-332-0\"  class=\"panel-grid panel-no-style\" ><div id=\"pgc-332-0-0\"  class=\"panel-grid-cell\" ><div id=\"panel-332-0-0-0\" class=\"so-panel widget widget_black-studio-tinymce widget_black_studio_tinymce panel-first-child panel-last-child\" data-index=\"0\" ><div class=\"textwidget\"><h3><img loading=\"lazy\" decoding=\"async\" class=\"aligncenter wp-image-333\" src=\"http:\/\/aaedolor.org\/aa\/wp-content\/uploads\/2014\/09\/logo_XVIII_cong_arg_dolor.jpg\" alt=\"logo_XVIII_cong_arg_dolor\" width=\"368\" height=\"148\" \/><\/h3>\n<h3><span style=\"color: #003366;\">Rese\u00f1a del XVIII Congreso Argentino de Dolor<\/span><br \/>\n<span style=\"color: #003366;\">SEPTIEMBRE 06 al 08 de 2007 - Buenos Aires, Argentina<\/span><\/h3>\n<\/div><\/div><\/div><div id=\"pgc-332-0-1\"  class=\"panel-grid-cell\" ><div id=\"panel-332-0-1-0\" class=\"so-panel widget widget_black-studio-tinymce widget_black_studio_tinymce panel-first-child panel-last-child\" data-index=\"1\" ><div class=\"textwidget\"><h3><a href=\"http:\/\/aaedolor.org\/aa\/congreso-xviii\/foto_xviii_obra_medico_dolor\/\"><img loading=\"lazy\" decoding=\"async\" class=\"alignleft wp-image-334 size-thumbnail\" src=\"http:\/\/aaedolor.org\/aa\/wp-content\/uploads\/2014\/09\/foto_XVIII_obra_medico_dolor-150x150.jpg\" alt=\"foto_XVIII_obra_medico_dolor\" width=\"150\" height=\"150\" srcset=\"https:\/\/aaedolor.org\/aa\/wp-content\/uploads\/2014\/09\/foto_XVIII_obra_medico_dolor-150x150.jpg 150w, https:\/\/aaedolor.org\/aa\/wp-content\/uploads\/2014\/09\/foto_XVIII_obra_medico_dolor-280x280.jpg 280w\" sizes=\"auto, (max-width: 150px) 100vw, 150px\" \/><\/a>Obra \u201cM\u00e9dico del Dolor\u201d, acr\u00edlico sobre tela. Donaci\u00f3n de la artista Mirta Narosky\u00a0cuya realizaci\u00f3n se llev\u00f3 a cabo durante el XVIII Congreso Argentino de Dolor.<\/h3>\n<\/div><\/div><\/div><\/div><div id=\"pg-332-1\"  class=\"panel-grid panel-no-style\" ><div id=\"pgc-332-1-0\"  class=\"panel-grid-cell\" ><div id=\"panel-332-1-0-0\" class=\"so-panel widget widget_black-studio-tinymce widget_black_studio_tinymce panel-first-child panel-last-child\" data-index=\"2\" ><div class=\"textwidget\"><h4 style=\"text-align: justify;\"><img loading=\"lazy\" decoding=\"async\" class=\"size-full wp-image-338\" src=\"http:\/\/aaedolor.org\/aa\/wp-content\/uploads\/2014\/09\/foto_XVIII_congargdolor_1.jpg\" alt=\"foto_XVIII_congargdolor_1\" width=\"400\" height=\"260\" srcset=\"https:\/\/aaedolor.org\/aa\/wp-content\/uploads\/2014\/09\/foto_XVIII_congargdolor_1.jpg 400w, https:\/\/aaedolor.org\/aa\/wp-content\/uploads\/2014\/09\/foto_XVIII_congargdolor_1-300x195.jpg 300w\" sizes=\"auto, (max-width: 400px) 100vw, 400px\" \/><br \/>\nActo de Apertura de izq. a der. Dres. Eduardo Ibarra (Presidente FEDELAT), Noem\u00ed Rosenfeld (Presidente AAED), Troels Jensen (Presidente IASP), . Fabi\u00e1n Piedimonte (Presidente XVIII Congreso de Dolor), y. Fernando Cerver\u00f3 (Tesorero IASP)<\/h4>\n<\/div><\/div><\/div><div id=\"pgc-332-1-1\"  class=\"panel-grid-cell\" ><div id=\"panel-332-1-1-0\" class=\"so-panel widget widget_black-studio-tinymce widget_black_studio_tinymce panel-first-child panel-last-child\" data-index=\"3\" ><div class=\"textwidget\"><h4 style=\"text-align: justify;\"><img loading=\"lazy\" decoding=\"async\" class=\"aligncenter size-full wp-image-339\" src=\"http:\/\/aaedolor.org\/aa\/wp-content\/uploads\/2014\/09\/foto_XVIII_congargdolor_2.jpg\" alt=\"foto_XVIII_congargdolor_2\" width=\"400\" height=\"260\" srcset=\"https:\/\/aaedolor.org\/aa\/wp-content\/uploads\/2014\/09\/foto_XVIII_congargdolor_2.jpg 400w, https:\/\/aaedolor.org\/aa\/wp-content\/uploads\/2014\/09\/foto_XVIII_congargdolor_2-300x195.jpg 300w\" sizes=\"auto, (max-width: 400px) 100vw, 400px\" \/><br \/>\nDr. Ricardo Plancarte Sanchez en la conferencia \" Utilidad de los bloqueos selectivos en el diagn\u00f3stico y tratamiento del dolor perineal\".<\/h4>\n<\/div><\/div><\/div><div id=\"pgc-332-1-2\"  class=\"panel-grid-cell\" ><div id=\"panel-332-1-2-0\" class=\"so-panel widget widget_black-studio-tinymce widget_black_studio_tinymce panel-first-child panel-last-child\" data-index=\"4\" ><div class=\"textwidget\"><h4 style=\"text-align: justify;\"><img loading=\"lazy\" decoding=\"async\" class=\"aligncenter size-full wp-image-340\" src=\"http:\/\/aaedolor.org\/aa\/wp-content\/uploads\/2014\/09\/foto_XVIII_congargdolor_3.jpg\" alt=\"foto_XVIII_congargdolor_3\" width=\"400\" height=\"260\" srcset=\"https:\/\/aaedolor.org\/aa\/wp-content\/uploads\/2014\/09\/foto_XVIII_congargdolor_3.jpg 400w, https:\/\/aaedolor.org\/aa\/wp-content\/uploads\/2014\/09\/foto_XVIII_congargdolor_3-300x195.jpg 300w\" sizes=\"auto, (max-width: 400px) 100vw, 400px\" \/>Entrega de Premio al trabajo cient\u00edfico ganador: \"Cuentos de ni\u00f1os, cuentos de Dolor\" Lic. Pleabni, V.I. y Lic. Gonz\u00e1lez M.D.<\/h4>\n<\/div><\/div><\/div><div id=\"pgc-332-1-3\"  class=\"panel-grid-cell\" ><div id=\"panel-332-1-3-0\" class=\"so-panel widget widget_black-studio-tinymce widget_black_studio_tinymce panel-first-child panel-last-child\" data-index=\"5\" ><div class=\"textwidget\"><h4 style=\"text-align: justify;\"><img loading=\"lazy\" decoding=\"async\" class=\"aligncenter size-full wp-image-341\" src=\"http:\/\/aaedolor.org\/aa\/wp-content\/uploads\/2014\/09\/foto_XVIII_congargdolor_4.jpg\" alt=\"foto_XVIII_congargdolor_4\" width=\"400\" height=\"260\" srcset=\"https:\/\/aaedolor.org\/aa\/wp-content\/uploads\/2014\/09\/foto_XVIII_congargdolor_4.jpg 400w, https:\/\/aaedolor.org\/aa\/wp-content\/uploads\/2014\/09\/foto_XVIII_congargdolor_4-300x195.jpg 300w\" sizes=\"auto, (max-width: 400px) 100vw, 400px\" \/>Acto de Cierre del XVIII Congreso Argentino de Dolor por las autoridades de la AAED;<br \/>\nDra. Noem\u00ed Rosenfeld, Dr. Diego Bashkansky, Lic. An\u00edbal Scharovsky, Dr. Horacio D. Solis.<\/h4>\n<\/div><\/div><\/div><\/div><div id=\"pg-332-2\"  class=\"panel-grid panel-no-style\" ><div id=\"pgc-332-2-0\"  class=\"panel-grid-cell\" ><div id=\"panel-332-2-0-0\" class=\"so-panel widget widget_black-studio-tinymce widget_black_studio_tinymce panel-first-child panel-last-child\" data-index=\"6\" ><div class=\"textwidget\"><h3><em>Estimados colegas:<\/em><\/h3>\n<h4>Luego de un esfuerzo muy importante, durante los d\u00edas 6, 7 y 8 de septiembre del presente se realiz\u00f3 en Buenos Aires el XVIII Congreso Argentino de Dolor para M\u00e9dicos, el IX Congreso de Dolor para Enfermer\u00eda e Instrumentaci\u00f3n Quir\u00fargica, la I Jornada de Dolor en Geriatr\u00eda y Dolor en Psiquiatr\u00eda, I Jornada de Kinesiolog\u00eda y Dolor, la Reuni\u00f3n Anual de la Sociedad Latinoamericana\u00a0 de Neurocirug\u00eda Funcional y Estereotaxia (SLANFE), la Reuni\u00f3n Anual de la Federaci\u00f3n Latinoamericana de Asociaciones para el Estudio del Dolor (FEDELAT) y el III Curso de Intervencionismo en Dolor.<\/h4>\n<h4>El resultado ha sido muy satisfactorio, nos alienta a continuar con la difusi\u00f3n del tratamiento del dolor y pone una vez m\u00e1s de relieve la necesidad de declararlo un derecho de las personas.<\/h4>\n<h4>Nuestro congreso tuvo un total de 757 asistentes. Gratamente, el 60% de los asistentes fueron enfermeros, kinesi\u00f3logos, instrumentadoras quir\u00fargicas, psic\u00f3logos y profesionales de otras disciplinas relacionadas a la Medicina. Esto es de una enorme importancia porque remarca la naturaleza interdisciplinaria del tratamiento del dolor, nos muestra que existe una necesidad de educaci\u00f3n continua e intercambio de informaci\u00f3n entre los diferentes profesionales participantes y pone de manifiesto que no podemos continuar siendo \u201cunos pocos profesionales\u201d para \u201cmuchas personas que sufren\u201d.<\/h4>\n<h4>Tuvimos la gran satisfacci\u00f3n de contar, por segunda vez en la historia de la Asociaci\u00f3n Argentina para el Estudio del Dolor (AAED), con la presencia de un presidente de la International Association for the Study of Pain (IASP), el Profesor Doctor Troels Jensen, quien nos honr\u00f3 con sus destacadas exposiciones y su gran calidad humana. Asimismo, fuimos enriquecidos con la participaci\u00f3n de 144 disertantes, 41 de ellos extranjeros, que realizaron un esfuerzo extraordinario para poder concurrir a este magn\u00edfico congreso desde diferentes partes del mundo.<br \/>\nLa calidad cient\u00edfica con la que se abordaron los temas de las diferentes mesas fue pocas veces lograda en un congreso de esta naturaleza.<\/h4>\n<h4>La reuni\u00f3n de la SLANFE interes\u00f3 no s\u00f3lo a neurocirujanos, sino tambi\u00e9n a otros especialistas con inquietudes acerca de esta modalidad de tratamiento.<\/h4>\n<h4>Contar con la presencia de los presidentes de los cap\u00edtulos latinoamericanos de la IASP en la reuni\u00f3n de FEDELAT logr\u00f3 un acercamiento entre nuestros pa\u00edses que es cada vez m\u00e1s necesario, y hasta dir\u00eda imprescindible para todos nosotros.<\/h4>\n<h4>Una vez m\u00e1s, con esfuerzo y dedicaci\u00f3n se lograron buenos resultados.<\/h4>\n<h4>Continuemos con nuestro esfuerzo para que Argentina pueda ser elegida sede del XIV Congreso Mundial de Dolor. \u00a1Estamos cada vez m\u00e1s cerca!<\/h4>\n<h4>Un enorme agradecimiento a todos los que hicieron posible el \u00e9xito de este maravilloso congreso.<\/h4>\n<h4>Afectuosamente,<\/h4>\n<h4><img loading=\"lazy\" decoding=\"async\" class=\"size-full wp-image-342 alignleft\" src=\"http:\/\/aaedolor.org\/aa\/wp-content\/uploads\/2014\/09\/firma_diego_bashkansky.jpg\" alt=\"firma_diego_bashkansky\" width=\"150\" height=\"85\" \/><\/h4>\n<h4>Dr. Diego Bashkansky<\/h4>\n<h4>Vicepresidente del XVIII Congreso de la AAED<\/h4>\n<\/div><\/div><\/div><\/div><\/div>","protected":false},"excerpt":{"rendered":"<p>Rese\u00f1a del XVIII Congreso Argentino de Dolor SEPTIEMBRE 06 al 08 de 2007 &#8211; Buenos Aires, Argentina Obra \u201cM\u00e9dico del Dolor\u201d, acr\u00edlico sobre tela. Donaci\u00f3n de la artista Mirta Narosky\u00a0cuya realizaci\u00f3n se llev\u00f3 a cabo durante el XVIII Congreso Argentino de Dolor. Acto de Apertura de izq. a der. Dres. Eduardo Ibarra (Presidente FEDELAT), Noem\u00ed&hellip;<\/p>\n","protected":false},"author":1,"featured_media":0,"parent":0,"menu_order":0,"comment_status":"closed","ping_status":"closed","template":"","meta":{"footnotes":""},"class_list":["post-332","page","type-page","status-publish","hentry","entry","no-media"],"_links":{"self":[{"href":"https:\/\/aaedolor.org\/aa\/wp-json\/wp\/v2\/pages\/332","targetHints":{"allow":["GET"]}}],"collection":[{"href":"https:\/\/aaedolor.org\/aa\/wp-json\/wp\/v2\/pages"}],"about":[{"href":"https:\/\/aaedolor.org\/aa\/wp-json\/wp\/v2\/types\/page"}],"author":[{"embeddable":true,"href":"https:\/\/aaedolor.org\/aa\/wp-json\/wp\/v2\/users\/1"}],"replies":[{"embeddable":true,"href":"https:\/\/aaedolor.org\/aa\/wp-json\/wp\/v2\/comments?post=332"}],"version-history":[{"count":14,"href":"https:\/\/aaedolor.org\/aa\/wp-json\/wp\/v2\/pages\/332\/revisions"}],"predecessor-version":[{"id":1877,"href":"https:\/\/aaedolor.org\/aa\/wp-json\/wp\/v2\/pages\/332\/revisions\/1877"}],"wp:attachment":[{"href":"https:\/\/aaedolor.org\/aa\/wp-json\/wp\/v2\/media?parent=332"}],"curies":[{"name":"wp","href":"https:\/\/api.w.org\/{rel}","templated":true}]}}