{"id":40,"date":"2014-09-22T15:14:48","date_gmt":"2014-09-22T15:14:48","guid":{"rendered":"http:\/\/aaedolor.org.ar\/aa\/?page_id=40"},"modified":"2016-08-26T14:08:36","modified_gmt":"2016-08-26T14:08:36","slug":"quienes-somos-historia","status":"publish","type":"page","link":"https:\/\/aaedolor.org\/aa\/quienes-somos-historia\/","title":{"rendered":"QUIENES SOMOS"},"content":{"rendered":"<h2>Quienes somos \/ Historia de la AAED<\/h2>\n<p>La Asociaci\u00f3n Argentina para el Estudio del Dolor\u00a0es una entidad que re\u00fane a todos aquellos profesionales de la salud interesados en la problem\u00e1tica del dolor. \u00a0Propugnamos el trabajo en equipo para la investigaci\u00f3n, actividad asistencial y actualizaci\u00f3n acad\u00e9mica a trav\u00e9s de la realizaci\u00f3n de cursos, congresos, post grados o conferencias cient\u00edficas.A trav\u00e9s de diversos medios y campa\u00f1as de difusi\u00f3n informamos tambi\u00e9n al p\u00fablico sobre los alcances de tratamientos en dolor por medio de los diversos abordajes en farmacolog\u00eda, fisiokinesioterapia, psicoterapia, intervencionismo percut\u00e1neo y neuromodulaci\u00f3n.<\/p>\n<h3>Asimismo resulta oportuno hacer memoria de nuestra rica historia:<\/h3>\n<p>Queda constituida la Asociaci\u00f3n Argentina para el Estudio del Dolor (AAED) y autorizada a funcionar con car\u00e1cter de persona jur\u00eddica y aprobados sus estatutos el 20 de diciembre de 1974.<\/p>\n<p>En el acta n\u00ba 1 se decide que la AAED sea presentada ante la International Association for the Study of Pain (IASP) como cap\u00edtulo de aquella por representar sus postulados en nuestro pa\u00eds, tarea que se realiza en el I Congreso Mundial de la IASP llevado a cabo en la ciudad de Florencia en septiembre de 1975.<\/p>\n<p>Prosiguiendo con las normas constitutivas, la AAED vota un consejo directivo provisorio que mas adelante ser\u00e1 confirmado por voto un\u00e1nime:<\/p>\n<p><strong>Presidente:<\/strong> Dr. Fausto Jos\u00e9 Molina<br \/>\n<strong>Vicepresidente:<\/strong> Dr. Jorge Schwarz<br \/>\n<strong>Secretario General:<\/strong> Dr. Ernesto Dowling<br \/>\n<strong>Secretario Cient\u00edfico:<\/strong> Dr. Oreste Ceraso<br \/>\n<strong>Secretario de Relaciones P\u00fablicas:<\/strong> Dr. Oriel Alva<br \/>\n<strong>Secretario de Finanzas:<\/strong> Dr. Ernesto Morita<\/p>\n<p>Como socios fundadores se agrega en la n\u00f3mina a los Dres.: Carlos Morita, Mar\u00eda del Carmen Mateos, Graciela Dunan, Julio Parada, Clelia Assali, H\u00e9ctor Sanchez, Raul O. Fernandez, Eduardo Nanut, Pedro Cambareri, Daniel Levy, Hugo Galafassi, Eduardo Karol.<\/p>\n<p>En adelante se efect\u00faan reuniones mensuales y es as\u00ed que se elige la fecha de realizaci\u00f3n del\u00a0I Congreso Argentino de Dolor de la AAED: 14, 15 y 16 de noviembre 1976 cuya sede ser\u00eda la Academia Nacional de Medicina.<\/p>\n<p>Es en 1976 que el Dr. Fausto Molina informa que por unanimidad ha sido elegido el\u00a0Dr. Oreste Ceraso Presidente del II Congreso Argentino de Dolor\u00a0y a continuaci\u00f3n el Dr. Ernesto Dowling realiza un importante anuncio: la IASP ha incorporado como cap\u00edtulo argentino a la Asociaci\u00f3n Argentina para el Estudio del Dolor (AAED).<\/p>\n<p>En diciembre de 1978, la AAED invita al Dr. John Bonica entonces Presidente de IASP a dar una conferencia en Buenos Aires, siendo Presidente saliente en aquel momento el Dr. Fausto Molina; Presidente: Dr. Ernesto Dowling; Secretario General: Dr. Eduardo Karol; Secretario Cient\u00edfico: Dr. Oreste Ceraso; Secretario de Actas: Dr. Eduardo Levy; Secretario de Hacienda: Dr. Ernesto Morita y estando como Vocales los Dres. Bernardo Odoriz, Hugo Galafassi, Jos\u00e9 Maria Casal, y Ra\u00fal O. Fernandez; m\u00e1s el Dr. Oriel Alva que cumpl\u00eda funciones como Revisor de Cuentas:<\/p>\n<p>La sede de la entidad se encontraba funcionando en la vivienda personal del presidente <strong>Dr. Ernesto Dowling<\/strong><\/p>\n<p>Hoy en d\u00eda tenemos nuestra sede obtenida por la generosidad y el esfuerzo de sucesores de aquellos profesores visionarios.<\/p>\n<p>Necesitamos de todos los profesionales de la salud, que sin duda, aportar\u00e1n conocimientos, compartir\u00e1n dudas, solicitar\u00e1n informes bibliogr\u00e1ficos.<\/p>\n","protected":false},"excerpt":{"rendered":"<p>Quienes somos \/ Historia de la AAED La Asociaci\u00f3n Argentina para el Estudio del Dolor\u00a0es una entidad que re\u00fane a todos aquellos profesionales de la salud interesados en la problem\u00e1tica del dolor. \u00a0Propugnamos el trabajo en equipo para la investigaci\u00f3n, actividad asistencial y actualizaci\u00f3n acad\u00e9mica a trav\u00e9s de la realizaci\u00f3n de cursos, congresos, post grados&hellip;<\/p>\n","protected":false},"author":1,"featured_media":0,"parent":0,"menu_order":0,"comment_status":"closed","ping_status":"closed","template":"","meta":{"footnotes":""},"class_list":["post-40","page","type-page","status-publish","hentry","entry","no-media"],"_links":{"self":[{"href":"https:\/\/aaedolor.org\/aa\/wp-json\/wp\/v2\/pages\/40","targetHints":{"allow":["GET"]}}],"collection":[{"href":"https:\/\/aaedolor.org\/aa\/wp-json\/wp\/v2\/pages"}],"about":[{"href":"https:\/\/aaedolor.org\/aa\/wp-json\/wp\/v2\/types\/page"}],"author":[{"embeddable":true,"href":"https:\/\/aaedolor.org\/aa\/wp-json\/wp\/v2\/users\/1"}],"replies":[{"embeddable":true,"href":"https:\/\/aaedolor.org\/aa\/wp-json\/wp\/v2\/comments?post=40"}],"version-history":[{"count":11,"href":"https:\/\/aaedolor.org\/aa\/wp-json\/wp\/v2\/pages\/40\/revisions"}],"predecessor-version":[{"id":690,"href":"https:\/\/aaedolor.org\/aa\/wp-json\/wp\/v2\/pages\/40\/revisions\/690"}],"wp:attachment":[{"href":"https:\/\/aaedolor.org\/aa\/wp-json\/wp\/v2\/media?parent=40"}],"curies":[{"name":"wp","href":"https:\/\/api.w.org\/{rel}","templated":true}]}}