{"id":54,"date":"2014-09-22T15:34:56","date_gmt":"2014-09-22T15:34:56","guid":{"rendered":"http:\/\/aaedolor.org.ar\/aa\/?page_id=54"},"modified":"2016-08-30T14:29:53","modified_gmt":"2016-08-30T14:29:53","slug":"publicaciones","status":"publish","type":"page","link":"https:\/\/aaedolor.org\/aa\/publicaciones\/","title":{"rendered":"REVISTA NEURO TARGET"},"content":{"rendered":"<div id=\"pl-54\"  class=\"panel-layout\" ><div id=\"pg-54-0\"  class=\"panel-grid panel-no-style\" ><div id=\"pgc-54-0-0\"  class=\"panel-grid-cell\" ><div id=\"panel-54-0-0-0\" class=\"so-panel widget widget_sow-editor panel-first-child\" data-index=\"0\" ><div\n\t\t\t\n\t\t\tclass=\"so-widget-sow-editor so-widget-sow-editor-base\"\n\t\t\t\n\t\t>\n<div class=\"siteorigin-widget-tinymce textwidget\">\n\t<h2><\/h2>\n<h2><\/h2>\n<h2>NeuroTarget<\/h2>\n<h5>VANGUARDIA EN NEUROCIENCIA<\/h5>\n<p><strong>Neurotarget<\/strong> ha sido distinguida como \u00f3rgano de difusi\u00f3n cient\u00edfica oficial de \u00a0Asociaci\u00f3n Argentina para el Estudio del Dolor (AAED) por su alto rigor cient\u00edfico en la elecci\u00f3n de material a difundir.<\/p>\n<p><strong>NeuroTarget<\/strong> es una publicaci\u00f3n peri\u00f3dica que tiene por objeto promover en diferentes \u00e1mbitos acad\u00e9micos, cient\u00edficos y asistenciales de nuestro continente, la producci\u00f3n y difusi\u00f3n de literatura cient\u00edfica en espa\u00f1ol relacionada a diversas \u00e1reas de las Neurociencias.<\/p>\n<p><strong>Neurotarget<\/strong> es editada por \u00a0la Fundaci\u00f3n CENIT para la Investigaci\u00f3n en Neurociencias.<\/p>\n<p><strong>NeuroTarget<\/strong> publica cuatro n\u00fameros al a\u00f1o conforme a los requisitos de indexaci\u00f3n planteados por los organismos regulatorios de publicaciones cient\u00edficas.<\/p>\n<\/div>\n<\/div><\/div><div id=\"panel-54-0-0-1\" class=\"so-panel widget widget_sow-editor panel-last-child\" data-index=\"1\" ><div\n\t\t\t\n\t\t\tclass=\"so-widget-sow-editor so-widget-sow-editor-base\"\n\t\t\t\n\t\t>\n<div class=\"siteorigin-widget-tinymce textwidget\">\n\t<p><a href=\"http:\/\/neurotarget.com\/\" target=\"_blank\"><img loading=\"lazy\" decoding=\"async\" class=\"alignleft wp-image-698 size-medium\" title=\"Revista Neurotarget\" src=\"http:\/\/aaedolor.org.ar\/aa\/wp-content\/uploads\/2014\/09\/neurotarget-300x87.png\" alt=\"neurotarget\" width=\"300\" height=\"87\" srcset=\"https:\/\/aaedolor.org\/aa\/wp-content\/uploads\/2014\/09\/neurotarget-300x87.png 300w, https:\/\/aaedolor.org\/aa\/wp-content\/uploads\/2014\/09\/neurotarget.png 500w\" sizes=\"auto, (max-width: 300px) 100vw, 300px\" \/><\/a><\/p>\n<\/div>\n<\/div><\/div><\/div><\/div><\/div>","protected":false},"excerpt":{"rendered":"<p>NeuroTarget VANGUARDIA EN NEUROCIENCIA Neurotarget ha sido distinguida como \u00f3rgano de difusi\u00f3n cient\u00edfica oficial de \u00a0Asociaci\u00f3n Argentina para el Estudio del Dolor (AAED) por su alto rigor cient\u00edfico en la elecci\u00f3n de material a difundir. NeuroTarget es una publicaci\u00f3n peri\u00f3dica que tiene por objeto promover en diferentes \u00e1mbitos acad\u00e9micos, cient\u00edficos y asistenciales de nuestro continente,&hellip;<\/p>\n","protected":false},"author":1,"featured_media":0,"parent":0,"menu_order":0,"comment_status":"closed","ping_status":"closed","template":"","meta":{"footnotes":""},"class_list":["post-54","page","type-page","status-publish","hentry","entry","no-media"],"_links":{"self":[{"href":"https:\/\/aaedolor.org\/aa\/wp-json\/wp\/v2\/pages\/54","targetHints":{"allow":["GET"]}}],"collection":[{"href":"https:\/\/aaedolor.org\/aa\/wp-json\/wp\/v2\/pages"}],"about":[{"href":"https:\/\/aaedolor.org\/aa\/wp-json\/wp\/v2\/types\/page"}],"author":[{"embeddable":true,"href":"https:\/\/aaedolor.org\/aa\/wp-json\/wp\/v2\/users\/1"}],"replies":[{"embeddable":true,"href":"https:\/\/aaedolor.org\/aa\/wp-json\/wp\/v2\/comments?post=54"}],"version-history":[{"count":20,"href":"https:\/\/aaedolor.org\/aa\/wp-json\/wp\/v2\/pages\/54\/revisions"}],"predecessor-version":[{"id":700,"href":"https:\/\/aaedolor.org\/aa\/wp-json\/wp\/v2\/pages\/54\/revisions\/700"}],"wp:attachment":[{"href":"https:\/\/aaedolor.org\/aa\/wp-json\/wp\/v2\/media?parent=54"}],"curies":[{"name":"wp","href":"https:\/\/api.w.org\/{rel}","templated":true}]}}